{"id":80,"date":"2024-11-14T22:47:42","date_gmt":"2024-11-14T22:47:42","guid":{"rendered":"http:\/\/medical.soma.cat\/?page_id=80"},"modified":"2024-11-14T22:57:49","modified_gmt":"2024-11-14T22:57:49","slug":"importacion-de-alimentos-a-espana-soma-medical-sl","status":"publish","type":"page","link":"https:\/\/medical.soma.cat\/index.php\/importacion-de-alimentos-a-espana-soma-medical-sl\/","title":{"rendered":"Importaci\u00f3n de Alimentos a Espa\u00f1a | Soma Medical SL"},"content":{"rendered":"<header>\n<nav><\/nav>\n<h1>Importaci\u00f3n de Alimentos a Espa\u00f1a con Soma Medical SL<\/h1>\n<p>Expertos en importaci\u00f3n de alimentos y bebidas, asegurando el cumplimiento de todas las normativas y requisitos legales en Espa\u00f1a.<\/p>\n<\/header>\n<p><main><\/p>\n<section>\n<h2>\u00bfC\u00f3mo Importar Alimentos a Espa\u00f1a?<\/h2>\n<p>La importaci\u00f3n de alimentos y bebidas en Espa\u00f1a es un proceso que requiere un conocimiento exhaustivo de la normativa vigente. En <strong>Soma Medical SL<\/strong>, nos especializamos en facilitar este proceso para empresas que desean expandir su negocio en el mercado espa\u00f1ol.<\/p>\n<h3>Documentos Necesarios para Importar Alimentos<\/h3>\n<p>Para realizar una importaci\u00f3n de alimentos a Espa\u00f1a de manera segura y legal, es imprescindible contar con los siguientes documentos:<\/p>\n<ul>\n<li><strong>Registro Sanitario:<\/strong> Todos los importadores y algunos productos alimentarios tales como los complementos alimenticios deben estar registrados en la <a href=\"https:\/\/www.aesan.gob.es\/\">Agencia Espa\u00f1ola de Seguridad Alimentaria y Nutrici\u00f3n (AESAN)<\/a>.<\/li>\n<li><strong>Certificado de Origen:<\/strong> Este documento acredita el pa\u00eds de procedencia del producto.<\/li>\n<li><strong>Factura Comercial:<\/strong> Incluye detalles del exportador, el valor de los productos y los t\u00e9rminos de la transacci\u00f3n.<\/li>\n<li><strong>Lista de Empaque:<\/strong> Un desglose detallado de los art\u00edculos enviados, su peso y volumen.<\/li>\n<li><strong>Certificado Fitosanitario:<\/strong> Requerido para productos de origen vegetal para asegurar que est\u00e9n libres de plagas.<\/li>\n<li><strong>Certificado de An\u00e1lisis:<\/strong> Confirma que los alimentos cumplen con los est\u00e1ndares de seguridad y calidad exigidos por la normativa espa\u00f1ola y europea.<\/li>\n<\/ul>\n<h3>Procedimientos Aduaneros<\/h3>\n<p>Una vez que los documentos est\u00e1n en orden, los productos deben pasar por los controles aduaneros. En <strong>Soma Medical SL<\/strong>, nos encargamos de gestionar todos los tr\u00e1mites aduaneros para asegurar que tus productos lleguen sin demoras innecesarias. Si estuviera interesado\/a en contar con nuestros servicios puede escribirnos a <a href=\"mailto:francesc@soma.cat\">francesc@soma.cat<\/a>, llamarnos al <a href=\"tel:644080777\">644080777<\/a>, o escribir por WhatsApp a dicho n\u00famero o usando el icono de la parte superior derecha.<\/p>\n<h4>Pasos para una Importaci\u00f3n Exitosa<\/h4>\n<ol>\n<li>Revisi\u00f3n de la normativa aplicable al tipo de producto.<\/li>\n<li>Obtenci\u00f3n de los certificados y permisos necesarios.<\/li>\n<li>Gesti\u00f3n del transporte internacional y tr\u00e1mites aduaneros.<\/li>\n<li>Control de calidad y seguridad alimentaria.<\/li>\n<\/ol>\n<\/section>\n<p><\/main><\/p>\n","protected":false},"excerpt":{"rendered":"<p>Importaci\u00f3n de Alimentos a Espa\u00f1a con Soma Medical SL Expertos en importaci\u00f3n de alimentos y bebidas, asegurando el cumplimiento de todas las normativas y requisitos legales en Espa\u00f1a. \u00bfC\u00f3mo Importar Alimentos a Espa\u00f1a? La importaci\u00f3n de alimentos y bebidas en Espa\u00f1a es un proceso que requiere un conocimiento exhaustivo de la normativa vigente. En Soma &hellip; <\/p>\n<p class=\"link-more\"><a href=\"https:\/\/medical.soma.cat\/index.php\/importacion-de-alimentos-a-espana-soma-medical-sl\/\" class=\"more-link\">Continue reading<span class=\"screen-reader-text\"> &#8220;Importaci\u00f3n de Alimentos a Espa\u00f1a | Soma Medical SL&#8221;<\/span><\/a><\/p>\n","protected":false},"author":1,"featured_media":0,"parent":0,"menu_order":0,"comment_status":"closed","ping_status":"closed","template":"","meta":[],"_links":{"self":[{"href":"https:\/\/medical.soma.cat\/index.php\/wp-json\/wp\/v2\/pages\/80"}],"collection":[{"href":"https:\/\/medical.soma.cat\/index.php\/wp-json\/wp\/v2\/pages"}],"about":[{"href":"https:\/\/medical.soma.cat\/index.php\/wp-json\/wp\/v2\/types\/page"}],"author":[{"embeddable":true,"href":"https:\/\/medical.soma.cat\/index.php\/wp-json\/wp\/v2\/users\/1"}],"replies":[{"embeddable":true,"href":"https:\/\/medical.soma.cat\/index.php\/wp-json\/wp\/v2\/comments?post=80"}],"version-history":[{"count":7,"href":"https:\/\/medical.soma.cat\/index.php\/wp-json\/wp\/v2\/pages\/80\/revisions"}],"predecessor-version":[{"id":88,"href":"https:\/\/medical.soma.cat\/index.php\/wp-json\/wp\/v2\/pages\/80\/revisions\/88"}],"wp:attachment":[{"href":"https:\/\/medical.soma.cat\/index.php\/wp-json\/wp\/v2\/media?parent=80"}],"curies":[{"name":"wp","href":"https:\/\/api.w.org\/{rel}","templated":true}]}}