{"id":9,"date":"2020-12-08T04:29:12","date_gmt":"2020-12-08T04:29:12","guid":{"rendered":"http:\/\/medical.soma.cat\/?page_id=9"},"modified":"2021-11-10T21:04:20","modified_gmt":"2021-11-10T21:04:20","slug":"acerca-de","status":"publish","type":"page","link":"https:\/\/medical.soma.cat\/","title":{"rendered":"Acerca de"},"content":{"rendered":"\n<p>Soma Medical SL es una empresa fundada en Barcelona que tiene como objeto proporcionar servicios regulatorios a otras empresas en el \u00e1mbito de los cosm\u00e9ticos y los productos sanitarios. <\/p>\n\n\n\n<p>Los servicios abarcan desde la redacci\u00f3n de documentos tales como el Product Information File (PIF) -en el \u00e1mbito de los productos cosm\u00e9ticos- o el Technical File -en el campo de los productos sanitarios- hasta la gesti\u00f3n de importaciones a terceros de dichos productos o la representaci\u00f3n de empresas o productos en la Uni\u00f3n Europea (figura conocida como Responsible Person en el \u00e1mbito de los cosm\u00e9ticos o Authorised Representative [EC REP] en el de los productos sanitarios).<\/p>\n\n\n\n<p>Si desea m\u00e1s informaci\u00f3n puede contactarnos escribiendo un correo electr\u00f3nico a <a href=\"mailto:francesc@soma.cat\">francesc@soma.cat<\/a><\/p>\n","protected":false},"excerpt":{"rendered":"<p>Soma Medical SL es una empresa fundada en Barcelona que tiene como objeto proporcionar servicios regulatorios a otras empresas en el \u00e1mbito de los cosm\u00e9ticos y los productos sanitarios. Los servicios abarcan desde la redacci\u00f3n de documentos tales como el Product Information File (PIF) -en el \u00e1mbito de los productos cosm\u00e9ticos- o el Technical File &hellip; <\/p>\n<p class=\"link-more\"><a href=\"https:\/\/medical.soma.cat\/\" class=\"more-link\">Continue reading<span class=\"screen-reader-text\"> &#8220;Acerca de&#8221;<\/span><\/a><\/p>\n","protected":false},"author":1,"featured_media":0,"parent":0,"menu_order":0,"comment_status":"closed","ping_status":"closed","template":"","meta":[],"_links":{"self":[{"href":"https:\/\/medical.soma.cat\/index.php\/wp-json\/wp\/v2\/pages\/9"}],"collection":[{"href":"https:\/\/medical.soma.cat\/index.php\/wp-json\/wp\/v2\/pages"}],"about":[{"href":"https:\/\/medical.soma.cat\/index.php\/wp-json\/wp\/v2\/types\/page"}],"author":[{"embeddable":true,"href":"https:\/\/medical.soma.cat\/index.php\/wp-json\/wp\/v2\/users\/1"}],"replies":[{"embeddable":true,"href":"https:\/\/medical.soma.cat\/index.php\/wp-json\/wp\/v2\/comments?post=9"}],"version-history":[{"count":7,"href":"https:\/\/medical.soma.cat\/index.php\/wp-json\/wp\/v2\/pages\/9\/revisions"}],"predecessor-version":[{"id":60,"href":"https:\/\/medical.soma.cat\/index.php\/wp-json\/wp\/v2\/pages\/9\/revisions\/60"}],"wp:attachment":[{"href":"https:\/\/medical.soma.cat\/index.php\/wp-json\/wp\/v2\/media?parent=9"}],"curies":[{"name":"wp","href":"https:\/\/api.w.org\/{rel}","templated":true}]}}